{"id":194,"date":"2017-10-06T19:23:18","date_gmt":"2017-10-06T17:23:18","guid":{"rendered":"http:\/\/www.diestaeblers.de\/?page_id=194"},"modified":"2017-10-06T19:23:18","modified_gmt":"2017-10-06T17:23:18","slug":"kallis-kochkalender-rezept-maerz","status":"publish","type":"page","link":"https:\/\/www.diestaeblers.de\/?page_id=194","title":{"rendered":"Kallis Kochkalender &#8211; Rezept M\u00e4rz"},"content":{"rendered":"<p>Wir lassen die Butter in einer hei\u00dfen Pfanne schmelzen. Inzwischen quirlen wir die Eier, die Sahne, Salz und Pfeffer zusammen. Den W\u00fcrfelspeck braten wir in der Pfanne an und gie\u00dfen bei mittlerer Hitze die Eimasse hinein. Dort bleibt es, bis es so fest ist, wie gutes R\u00fchrei sein sollte: weder zu fl\u00fcssig noch zu trocken.<\/p>\n<p>Dazu sollte man Wei\u00dfbrot mit Butter essen. Finish!<\/p>\n","protected":false},"excerpt":{"rendered":"<p>Wir lassen die Butter in einer hei\u00dfen Pfanne schmelzen. Inzwischen quirlen wir die Eier, die Sahne, Salz und Pfeffer zusammen. Den W\u00fcrfelspeck braten wir in der Pfanne an und gie\u00dfen bei mittlerer Hitze die Eimasse hinein. Dort bleibt es, bis es so fest ist, wie gutes R\u00fchrei sein sollte: weder zu fl\u00fcssig noch zu trocken. &hellip; <\/p>\n<p class=\"link-more\"><a href=\"https:\/\/www.diestaeblers.de\/?page_id=194\" class=\"more-link\"><span class=\"screen-reader-text\">\u201eKallis Kochkalender &#8211; Rezept M\u00e4rz\u201c <\/span>weiterlesen<\/a><\/p>\n","protected":false},"author":1,"featured_media":0,"parent":0,"menu_order":0,"comment_status":"closed","ping_status":"closed","template":"","meta":{"footnotes":""},"class_list":["post-194","page","type-page","status-publish","hentry"],"_links":{"self":[{"href":"https:\/\/www.diestaeblers.de\/index.php?rest_route=\/wp\/v2\/pages\/194","targetHints":{"allow":["GET"]}}],"collection":[{"href":"https:\/\/www.diestaeblers.de\/index.php?rest_route=\/wp\/v2\/pages"}],"about":[{"href":"https:\/\/www.diestaeblers.de\/index.php?rest_route=\/wp\/v2\/types\/page"}],"author":[{"embeddable":true,"href":"https:\/\/www.diestaeblers.de\/index.php?rest_route=\/wp\/v2\/users\/1"}],"replies":[{"embeddable":true,"href":"https:\/\/www.diestaeblers.de\/index.php?rest_route=%2Fwp%2Fv2%2Fcomments&post=194"}],"version-history":[{"count":1,"href":"https:\/\/www.diestaeblers.de\/index.php?rest_route=\/wp\/v2\/pages\/194\/revisions"}],"predecessor-version":[{"id":196,"href":"https:\/\/www.diestaeblers.de\/index.php?rest_route=\/wp\/v2\/pages\/194\/revisions\/196"}],"wp:attachment":[{"href":"https:\/\/www.diestaeblers.de\/index.php?rest_route=%2Fwp%2Fv2%2Fmedia&parent=194"}],"curies":[{"name":"wp","href":"https:\/\/api.w.org\/{rel}","templated":true}]}}