{"id":195,"date":"2017-10-06T19:23:31","date_gmt":"2017-10-06T17:23:31","guid":{"rendered":"http:\/\/www.diestaeblers.de\/?page_id=195"},"modified":"2017-10-06T19:26:48","modified_gmt":"2017-10-06T17:26:48","slug":"kallis-kochkalender-rezept-april","status":"publish","type":"page","link":"https:\/\/www.diestaeblers.de\/?page_id=195","title":{"rendered":"Kallis Kochkalender &#8211; Rezept April"},"content":{"rendered":"<p>Die Kartoffeln sch\u00e4len und mit einer K\u00fcchenreibe in eine Sch\u00fcssel reiben. Die Eier, den Zucker und ein bis zwei Priesen Salz r\u00fchren wir in die geriebenen Kartoffeln. Die Pfanne hei\u00df machen und viel Fett hineingeben. Wenn das Fett hei\u00df ist, einen Essl\u00f6ffel Teig in die Pfanne tun und zu einer runden Scheibe glatt streichen. Jede Seite muss ca. 3 min angebraten werden. Das machen wir jetzt mit allen Teigbatzen, bis der Teig aus ist. Finito!<\/p>\n<p>Am besten isst man dazu Apfelmus.<\/p>\n","protected":false},"excerpt":{"rendered":"<p>Die Kartoffeln sch\u00e4len und mit einer K\u00fcchenreibe in eine Sch\u00fcssel reiben. Die Eier, den Zucker und ein bis zwei Priesen Salz r\u00fchren wir in die geriebenen Kartoffeln. Die Pfanne hei\u00df machen und viel Fett hineingeben. Wenn das Fett hei\u00df ist, einen Essl\u00f6ffel Teig in die Pfanne tun und zu einer runden Scheibe glatt streichen. Jede &hellip; <\/p>\n<p class=\"link-more\"><a href=\"https:\/\/www.diestaeblers.de\/?page_id=195\" class=\"more-link\"><span class=\"screen-reader-text\">\u201eKallis Kochkalender &#8211; Rezept April\u201c <\/span>weiterlesen<\/a><\/p>\n","protected":false},"author":1,"featured_media":0,"parent":0,"menu_order":0,"comment_status":"closed","ping_status":"closed","template":"","meta":{"footnotes":""},"class_list":["post-195","page","type-page","status-publish","hentry"],"_links":{"self":[{"href":"https:\/\/www.diestaeblers.de\/index.php?rest_route=\/wp\/v2\/pages\/195","targetHints":{"allow":["GET"]}}],"collection":[{"href":"https:\/\/www.diestaeblers.de\/index.php?rest_route=\/wp\/v2\/pages"}],"about":[{"href":"https:\/\/www.diestaeblers.de\/index.php?rest_route=\/wp\/v2\/types\/page"}],"author":[{"embeddable":true,"href":"https:\/\/www.diestaeblers.de\/index.php?rest_route=\/wp\/v2\/users\/1"}],"replies":[{"embeddable":true,"href":"https:\/\/www.diestaeblers.de\/index.php?rest_route=%2Fwp%2Fv2%2Fcomments&post=195"}],"version-history":[{"count":2,"href":"https:\/\/www.diestaeblers.de\/index.php?rest_route=\/wp\/v2\/pages\/195\/revisions"}],"predecessor-version":[{"id":205,"href":"https:\/\/www.diestaeblers.de\/index.php?rest_route=\/wp\/v2\/pages\/195\/revisions\/205"}],"wp:attachment":[{"href":"https:\/\/www.diestaeblers.de\/index.php?rest_route=%2Fwp%2Fv2%2Fmedia&parent=195"}],"curies":[{"name":"wp","href":"https:\/\/api.w.org\/{rel}","templated":true}]}}