{"id":197,"date":"2017-10-06T19:24:30","date_gmt":"2017-10-06T17:24:30","guid":{"rendered":"http:\/\/www.diestaeblers.de\/?page_id=197"},"modified":"2017-10-06T19:27:09","modified_gmt":"2017-10-06T17:27:09","slug":"kallis-kochkalender-rezept-mai","status":"publish","type":"page","link":"https:\/\/www.diestaeblers.de\/?page_id=197","title":{"rendered":"Kallis Kochkalender &#8211; Rezept Mai"},"content":{"rendered":"<p>Das Mehl in die Milch einr\u00fchren, dann die Eier und das Salz dazu geben und zu einem d\u00fcnnfl\u00fcssigen Teig verr\u00fchren. Die Pfanne hei\u00df machen und 12,5g Butter darin schmelzen. Wenn die Butter verschmolzen ist, eine volle Sch\u00f6pfkelle Teig in die Pfanne kippen. Bei mittlerer Hitze den Teig so lange backen lassen, bis er fest geworden ist. Er sollte, wenn man die Pfanne hin- und herschiebt, rutschen. Nun darf man in umdrehen. Wenn der erste Pencake fertig ist, kommt der n\u00e4chste dran; diesmal gen\u00fcgt etwas weniger Butter. Je nach Gr\u00f6\u00dfe der Pfanne sollte der Teig f\u00fcr 4-5 Pfannkuchen reichen. Fertig!<\/p>\n","protected":false},"excerpt":{"rendered":"<p>Das Mehl in die Milch einr\u00fchren, dann die Eier und das Salz dazu geben und zu einem d\u00fcnnfl\u00fcssigen Teig verr\u00fchren. Die Pfanne hei\u00df machen und 12,5g Butter darin schmelzen. Wenn die Butter verschmolzen ist, eine volle Sch\u00f6pfkelle Teig in die Pfanne kippen. Bei mittlerer Hitze den Teig so lange backen lassen, bis er fest geworden &hellip; <\/p>\n<p class=\"link-more\"><a href=\"https:\/\/www.diestaeblers.de\/?page_id=197\" class=\"more-link\"><span class=\"screen-reader-text\">\u201eKallis Kochkalender &#8211; Rezept Mai\u201c <\/span>weiterlesen<\/a><\/p>\n","protected":false},"author":1,"featured_media":0,"parent":0,"menu_order":0,"comment_status":"closed","ping_status":"closed","template":"","meta":{"footnotes":""},"class_list":["post-197","page","type-page","status-publish","hentry"],"_links":{"self":[{"href":"https:\/\/www.diestaeblers.de\/index.php?rest_route=\/wp\/v2\/pages\/197","targetHints":{"allow":["GET"]}}],"collection":[{"href":"https:\/\/www.diestaeblers.de\/index.php?rest_route=\/wp\/v2\/pages"}],"about":[{"href":"https:\/\/www.diestaeblers.de\/index.php?rest_route=\/wp\/v2\/types\/page"}],"author":[{"embeddable":true,"href":"https:\/\/www.diestaeblers.de\/index.php?rest_route=\/wp\/v2\/users\/1"}],"replies":[{"embeddable":true,"href":"https:\/\/www.diestaeblers.de\/index.php?rest_route=%2Fwp%2Fv2%2Fcomments&post=197"}],"version-history":[{"count":1,"href":"https:\/\/www.diestaeblers.de\/index.php?rest_route=\/wp\/v2\/pages\/197\/revisions"}],"predecessor-version":[{"id":202,"href":"https:\/\/www.diestaeblers.de\/index.php?rest_route=\/wp\/v2\/pages\/197\/revisions\/202"}],"wp:attachment":[{"href":"https:\/\/www.diestaeblers.de\/index.php?rest_route=%2Fwp%2Fv2%2Fmedia&parent=197"}],"curies":[{"name":"wp","href":"https:\/\/api.w.org\/{rel}","templated":true}]}}