{"id":210,"date":"2017-10-06T19:28:45","date_gmt":"2017-10-06T17:28:45","guid":{"rendered":"http:\/\/www.diestaeblers.de\/?page_id=210"},"modified":"2017-10-06T19:28:45","modified_gmt":"2017-10-06T17:28:45","slug":"kallis-kochkalender-rezept-september","status":"publish","type":"page","link":"https:\/\/www.diestaeblers.de\/?page_id=210","title":{"rendered":"Kallis Kochkalender &#8211; Rezept September"},"content":{"rendered":"<p>Die Zwiebeln sch\u00e4len, auseinander schneiden und in Zwiebelw\u00fcrfel schnippeln. Das Hackfleisch mit den Zwiebeln und der Worcesterso\u00dfe in eine Sch\u00fcssel geben, salzen und pfeffern. Mit den (SAUBEREN!) H\u00e4nden vermengen und vier Kugeln formen. Die Fleischkugeln in die Pfanne legen, mit einem Pfannenwender plattdr\u00fccken und bei mittlerer Hitze auf jeder Seite 5 min braten. Die Br\u00f6tchen auseinanderschneiden und das Fleisch und die Beilagen hineinlegen. Sofort servieren. Bon Appetit!<\/p>\n","protected":false},"excerpt":{"rendered":"<p>Die Zwiebeln sch\u00e4len, auseinander schneiden und in Zwiebelw\u00fcrfel schnippeln. Das Hackfleisch mit den Zwiebeln und der Worcesterso\u00dfe in eine Sch\u00fcssel geben, salzen und pfeffern. Mit den (SAUBEREN!) H\u00e4nden vermengen und vier Kugeln formen. Die Fleischkugeln in die Pfanne legen, mit einem Pfannenwender plattdr\u00fccken und bei mittlerer Hitze auf jeder Seite 5 min braten. Die Br\u00f6tchen &hellip; <\/p>\n<p class=\"link-more\"><a href=\"https:\/\/www.diestaeblers.de\/?page_id=210\" class=\"more-link\"><span class=\"screen-reader-text\">\u201eKallis Kochkalender &#8211; Rezept September\u201c <\/span>weiterlesen<\/a><\/p>\n","protected":false},"author":1,"featured_media":0,"parent":0,"menu_order":0,"comment_status":"closed","ping_status":"closed","template":"","meta":{"footnotes":""},"class_list":["post-210","page","type-page","status-publish","hentry"],"_links":{"self":[{"href":"https:\/\/www.diestaeblers.de\/index.php?rest_route=\/wp\/v2\/pages\/210","targetHints":{"allow":["GET"]}}],"collection":[{"href":"https:\/\/www.diestaeblers.de\/index.php?rest_route=\/wp\/v2\/pages"}],"about":[{"href":"https:\/\/www.diestaeblers.de\/index.php?rest_route=\/wp\/v2\/types\/page"}],"author":[{"embeddable":true,"href":"https:\/\/www.diestaeblers.de\/index.php?rest_route=\/wp\/v2\/users\/1"}],"replies":[{"embeddable":true,"href":"https:\/\/www.diestaeblers.de\/index.php?rest_route=%2Fwp%2Fv2%2Fcomments&post=210"}],"version-history":[{"count":1,"href":"https:\/\/www.diestaeblers.de\/index.php?rest_route=\/wp\/v2\/pages\/210\/revisions"}],"predecessor-version":[{"id":211,"href":"https:\/\/www.diestaeblers.de\/index.php?rest_route=\/wp\/v2\/pages\/210\/revisions\/211"}],"wp:attachment":[{"href":"https:\/\/www.diestaeblers.de\/index.php?rest_route=%2Fwp%2Fv2%2Fmedia&parent=210"}],"curies":[{"name":"wp","href":"https:\/\/api.w.org\/{rel}","templated":true}]}}