{"id":216,"date":"2017-10-06T19:30:13","date_gmt":"2017-10-06T17:30:13","guid":{"rendered":"http:\/\/www.diestaeblers.de\/?page_id=216"},"modified":"2017-10-06T19:30:13","modified_gmt":"2017-10-06T17:30:13","slug":"kallis-kochkalender-rezept-dezember","status":"publish","type":"page","link":"https:\/\/www.diestaeblers.de\/?page_id=216","title":{"rendered":"Kallis Kochkalender &#8211; Rezept Dezember"},"content":{"rendered":"<p>Den Waldfruchttee mit kochendem Wasser \u00fcberhie\u00dfen und 8 min ziehen lassen. Dann 0,25 Liter Apfel-Kirsch-Saft dazugeben und das Ganze mit 3 Teel\u00f6ffel Zucker verr\u00fchren. Finito! Dieser Punsch geht sehr schnell und hilft im Winter gegen K\u00e4lte.<\/p>\n","protected":false},"excerpt":{"rendered":"<p>Den Waldfruchttee mit kochendem Wasser \u00fcberhie\u00dfen und 8 min ziehen lassen. Dann 0,25 Liter Apfel-Kirsch-Saft dazugeben und das Ganze mit 3 Teel\u00f6ffel Zucker verr\u00fchren. Finito! Dieser Punsch geht sehr schnell und hilft im Winter gegen K\u00e4lte.<\/p>\n","protected":false},"author":1,"featured_media":0,"parent":0,"menu_order":0,"comment_status":"closed","ping_status":"closed","template":"","meta":{"footnotes":""},"class_list":["post-216","page","type-page","status-publish","hentry"],"_links":{"self":[{"href":"https:\/\/www.diestaeblers.de\/index.php?rest_route=\/wp\/v2\/pages\/216","targetHints":{"allow":["GET"]}}],"collection":[{"href":"https:\/\/www.diestaeblers.de\/index.php?rest_route=\/wp\/v2\/pages"}],"about":[{"href":"https:\/\/www.diestaeblers.de\/index.php?rest_route=\/wp\/v2\/types\/page"}],"author":[{"embeddable":true,"href":"https:\/\/www.diestaeblers.de\/index.php?rest_route=\/wp\/v2\/users\/1"}],"replies":[{"embeddable":true,"href":"https:\/\/www.diestaeblers.de\/index.php?rest_route=%2Fwp%2Fv2%2Fcomments&post=216"}],"version-history":[{"count":1,"href":"https:\/\/www.diestaeblers.de\/index.php?rest_route=\/wp\/v2\/pages\/216\/revisions"}],"predecessor-version":[{"id":218,"href":"https:\/\/www.diestaeblers.de\/index.php?rest_route=\/wp\/v2\/pages\/216\/revisions\/218"}],"wp:attachment":[{"href":"https:\/\/www.diestaeblers.de\/index.php?rest_route=%2Fwp%2Fv2%2Fmedia&parent=216"}],"curies":[{"name":"wp","href":"https:\/\/api.w.org\/{rel}","templated":true}]}}